{"id":2322,"date":"2025-10-11T18:20:31","date_gmt":"2025-10-11T16:20:31","guid":{"rendered":"https:\/\/hotelinternationalcattolica.it\/?page_id=2322"},"modified":"2025-10-11T18:20:35","modified_gmt":"2025-10-11T16:20:35","slug":"privacy-policy-old","status":"publish","type":"page","link":"https:\/\/hotelinternationalcattolica.it\/en\/privacy-policy-old\/","title":{"rendered":"Privacy Policy-old"},"content":{"rendered":"\n<h1 class=\"wp-block-heading\">Privacy Policy<\/h1>\n\n\n\n<p>In questa pagina si descrivono le modalit\u00e0 di gestione del sito in riferimento al trattamento dei dati personali degli utenti che lo consultano.<\/p>\n\n\n\n<p>L\u2019informativa \u00e8 resa solo per il presente sito e non anche per altri siti <em>web<\/em> eventualmente consultati dall\u2019utente tramite <em>link<\/em>.<\/p>\n\n\n\n<ul class=\"wp-block-list\">\n<li><a href=\"#titolare\">Il \u201cTitolare\u201d del trattamento<\/a><em> (chi decide perch\u00e8, come ed a chi far trattare i dati)<\/em><\/li>\n\n\n\n<li><a href=\"#diritti\">Diritti degli interessati<\/a><\/li>\n\n\n\n<li><a href=\"#navigazione\">Dati di Navigazione<\/a> <em>&#8211; dati trattati in relazione alla visita del sito<\/em><\/li>\n\n\n\n<li><a href=\"#utente\">Dati forniti volontariamente dall&#8217;utente<\/a><\/li>\n\n\n\n<li><a href=\"#contatto\">Trattamenti conseguenti ad una richiesta di contatto<\/a><\/li>\n\n\n\n<li><a href=\"#area-book\">Area &#8220;book&#8221;<\/a> <em>(prenotazioni)<\/em><\/li>\n\n\n\n<li><a href=\"#area-newsletter\">Iscrizione alla newsletter<\/a><\/li>\n\n\n\n<li><a href=\"#conservazione\">Conservazione dei dati<\/a><\/li>\n\n\n\n<li><a href=\"#approfondimento\">Diritti dell&#8217;utente &#8211; approfondimento<\/a><\/li>\n<\/ul>\n\n\n\n<div style=\"height:100px\" aria-hidden=\"true\" class=\"wp-block-spacer\"><\/div>\n\n\n\n<h2 class=\"wp-block-heading\" id=\"titolare\"><strong>IL \u201cTITOLARE\u201d DEL TRATTAMENTO <\/strong><\/h2>\n\n\n\n<h3 class=\"wp-block-heading\">(chi decide perch\u00e8, come ed a chi far trattare i dati)<\/h3>\n\n\n\n<p> A seguito della consultazione di questo sito e della fruizione dei serivizi da esso offerti possono essere trattati dati relativi a persone identificate o identificabili .<br> Oltre ai dati di navigazione, potranno, ad esempio, essere raccolte informazioni in occasione:<\/p>\n\n\n\n<ul class=\"wp-block-list\">\n<li> della richiesta di una prenotazione;<\/li>\n\n\n\n<li> dell\u2019utilizzo di altri servizi attraverso le Piattaforme;<\/li>\n\n\n\n<li> delle successive telefonate con i nostri operatori.<\/li>\n<\/ul>\n\n\n\n<p>Titolare del trattamento (cio\u00e8 il soggetto che determina le finalit\u00e0 e i mezzi dei trattamenti di dati personali e si assume la responsabilit\u00e0 di trattare e far  trattare correttamente i dati personali) \u00e8 <br> <strong>C.T.A. Spa<\/strong>  &#8211; Via L. Alamanni, 3  &#8211; 50123 Firenze (FI) P.IVA C.F. 03262740404<br> <strong>Indirizzo email<\/strong>: <a href=\"mailto:info@c-hotels.it\">info@c-hotels.it<\/a><\/p>\n\n\n\n<div style=\"height:100px\" aria-hidden=\"true\" class=\"wp-block-spacer\"><\/div>\n\n\n\n<h2 class=\"wp-block-heading\" id=\"diritti\"><strong>DIRITTI DEGLI INTERESSATI<\/strong><\/h2>\n\n\n\n<p>In riferimento ai trattamenti di cui al presente documento gli interessati (utenti del sito) hanno il diritto:<\/p>\n\n\n\n<ul class=\"wp-block-list\">\n<li>di chiedere al titolare del trattamento l&#8217;accesso ai dati personali e la rettifica o la cancellazione degli stessi o la limitazione del trattamento dei dati personali che lo riguardano e di opporsi al loro trattamento, <\/li>\n\n\n\n<li>se il trattamento \u00e8 effettuato con mezzi automatizzati (informatici) e sulla base del proprio consenso, di  ricevere in un formato strutturato, di uso comune e leggibile da dispositivo automatico i dati personali che lo riguardano e\/o di ottenerne la trasmissione diretta ad altro titolare del trattamento, se tecnicamente fattibile <\/li>\n\n\n\n<li>di revocare il proprio consenso in qualsiasi momento (senza che sia pregiudicata la liceit\u00e0 del trattamento basata sul consenso prima della revoca), ovviamente ci\u00f2 per i trattamenti effettuati sulla base di tale presupposto<\/li>\n\n\n\n<li> di proporre reclamo a un&#8217;autorit\u00e0 di controllo: Garante per la protezione dei dati personali &#8211; Piazza di Monte Citorio n. 121 00186 ROMA &#8211; Fax: (+39) 06.69677.3785 &#8211; Centralino telefonico: (+39) 06.696771 &#8211; E-mail: garante@gpdp.it  &#8211; posta certificata protocollo@pec.gpdp.it<\/li>\n<\/ul>\n\n\n\n<p>Maggiori informazioni in coda alla presente policy<\/p>\n\n\n\n<p>Le richieste vanno rivolte al Titolare \u2013 anche attraverso l\u2019area contatti o gli altri recapiti presenti sul sito tenendo presente che non sar\u00e0 possibile rispondere a richieste pervenute telefonicamente ove non vi sia certezza circa l\u2019identit\u00e0 del richiedente.<\/p>\n\n\n\n<div style=\"height:100px\" aria-hidden=\"true\" class=\"wp-block-spacer\"><\/div>\n\n\n\n<h2 class=\"wp-block-heading\" id=\"navigazione\"><strong>DATI DI NAVIGAZIONE<\/strong> <\/h2>\n\n\n\n<h3 class=\"wp-block-heading\" id=\"diritti\">dati trattati in relazione alla visita del sito&nbsp;<\/h3>\n\n\n\n<p>I sistemi informatici e le procedure <em>software<\/em> preposte al funzionamento di questo sito <em>web<\/em> acquisiscono, nel corso del loro normale esercizio, alcuni dati personali la cui trasmissione \u00e8 implicita nell\u2019uso dei protocolli di comunicazione di Internet.<\/p>\n\n\n\n<p>Si tratta di informazioni che non sono raccolte per essere associate a interessati identificati, ma che per loro stessa natura potrebbero, attraverso elaborazioni ed associazioni con dati detenuti da terzi, permettere di identificare gli utenti.<\/p>\n\n\n\n<p>In questa categoria di dati rientrano, ad esempio,  gli indirizzi IP o i nomi a dominio dei computer utilizzati dagli utenti che si connettono al sito, gli indirizzi in notazione URI (<em>Uniform Resource Identifier<\/em>) delle risorse richieste, l\u2019orario della richiesta, il metodo utilizzato nel sottoporre la richiesta al server, la dimensione del file ottenuto in risposta, il codice numerico indicante lo stato della risposta data dal server (buon fine, errore, ecc.) ed altri parametri relativi al sistema operativo e all\u2019ambiente informatico dell\u2019utente, quali il tipo e la versione del browser, i tipi e le versioni dei plug-in del browser, l\u2019identificativo del dispositivo mobile (IDFA o AndroidID) ed altri parametri relativi al vostro sistema operativo e all\u2019ambiente informatico,<\/p>\n\n\n\n<p>Questi dati, in assenza di uno specifico consenso al trattamento per ulteriori finalit\u00e0,vengono utilizzati al solo fine di ricavare informazioni statistiche anonime sull\u2019uso del sito e per controllarne il corretto funzionamento. <\/p>\n\n\n\n<p>I dati potrebbero essere utilizzati per l\u2019accertamento di responsabilit\u00e0 in caso di ipotetici reati informatici ai danni del sito e solo in tal caso potranno attivarsi specifiche procedure volte alla identificazione dell\u2019autore.<\/p>\n\n\n\n<p>La BASE GIURIDICA DEL TRATTAMENTO di questi dati \u00e8 costituita dal legittimo interesse dei titolari consistente nella tutela della sicurezza dei dati, buon funzionamento del sito e miglioramento degli standard di servizio.<\/p>\n\n\n\n<p><strong>MODALIT\u00c0 ED INCARICATI DEL TRATTAMENTO<\/strong><\/p>\n\n\n\n<p>I dati personali sono trattati con strumenti automatizzati per il tempo strettamente necessario a conseguire gli scopi per cui sono stati raccolti. I trattamenti ai servizi <em>web<\/em> di questo sito sono curati da personale incaricato dal Titolare nonch\u00e9 da soggetti esterni, nominati responsabili, a cui vengono demandate la gestione tecnica e la manutenzione del sito e dei relativi sistemi informatici. Specifiche misure di sicurezza sono osservate per prevenire la perdita dei dati, usi illeciti o non corretti ed accessi non autorizzati.<\/p>\n\n\n\n<p><strong>Nessun dato derivante dal servizio <em>web<\/em> viene diffuso.<\/strong><\/p>\n\n\n\n<p>I dati personali forniti dagli utenti che inoltrano richieste di invio di materiale informativo (<em>newslette<\/em>r, risposte a quesiti, ecc.) sono utilizzati al solo fine di eseguire il servizio o la prestazione richiesta e sono comunicati a terzi nel solo caso in cui ci\u00f2 sia a tal fine necessario.<\/p>\n\n\n\n<div style=\"height:100px\" aria-hidden=\"true\" class=\"wp-block-spacer\"><\/div>\n\n\n\n<h2 class=\"wp-block-heading\" id=\"utente\"><strong>DATI FORNITI VOLONTARIAMENTE DALL\u2019UTENTE<\/strong><\/h2>\n\n\n\n<p>A parte quanto specificato per i dati di navigazione, l\u2019utente \u00e8 libero di fornire i dati personali richiesti nel corso della navigazione per sollecitare l\u2019invio di materiale informativo o di altre comunicazioni. Il loro mancato conferimento pu\u00f2 comportare l\u2019impossibilit\u00e0 di ottenere quanto richiesto.<\/p>\n\n\n\n<p>Quando l\u2019utente visita una parte del Sito che richiede la raccolta di dati personali gli viene riproposto un link al presente documento informativo e, se necessario, gli viene richiesto un consenso<\/p>\n\n\n\n<p>L&#8217;invio facoltativo, esplicito e volontario di posta elettronica agli indirizzi indicati su questo sito comporta la successiva acquisizione dell\u2019indirizzo del mittente, necessario per rispondere alle richieste, nonch\u00e9 degli eventuali altri dati personali inseriti nella missiva che, salvo diverse esigenze debitamente comunicate, verranno conservati per il tempo necessario a soddisfare le richieste <\/p>\n\n\n\n<p>Di seguito sono rese disponibili specifiche informative riferite alle  pagine del sito predisposte per particolari servizi a richiesta o tramite le quali sia possibile acquisire ulteriori dati personali.<\/p>\n\n\n\n<div style=\"height:100px\" aria-hidden=\"true\" class=\"wp-block-spacer\"><\/div>\n\n\n\n<h2 class=\"wp-block-heading\" id=\"contatto\"><strong>TRATTAMENTI CONSEGUENTI AD UNA RICHIESTA DI CONTATTO&nbsp;<\/strong><\/h2>\n\n\n\n<p>I dati personali conferiti spontaneamente dell\u2019interessato tramite l\u2019area prenotazioni o gli indirizzi e-mail resi disponibili sul sito:<\/p>\n\n\n\n<ol class=\"wp-block-list\">\n<li>sono trattati con strumenti prevalentemente automatizzati per:\n<ol class=\"wp-block-list\">\n<li>Assicurare una risposta certa e tempestiva e soddisfare le richieste dell\u2019interessato stesso <\/li>\n\n\n\n<li> adempiere ad obblighi derivanti da leggi, norme e regolamenti comunitari; adempimento disposizioni impartite dall\u2019Autorit\u00e0 Giudiziaria,<\/li>\n\n\n\n<li> Alimentare il sistema di acquisizione delle conoscenze del pubblico tramite analisi statistiche, effettuate attraverso dati anonimizzati ed aggregati, utili per la verifica, miglioramento e quindi progettazione di un servizio sempre pi\u00f9 efficiente ed adeguato alla domanda,<\/li>\n<\/ol>\n<\/li>\n\n\n\n<li> Con il consenso dell\u2019interessato recapiti, gli indirizzi postali e di posta elettronica forniti potranno essere utilizzati per l\u2019invio di comunicazioni di cortesia e\/o di materiale informativo\/offerte relative a prodotti proposti e servizi erogati dal Titolare, ci\u00f2 ovviamente con il consenso dell\u2019interessato. <\/li>\n\n\n\n<li> potranno essere trattati da addetti commerciali, personale addetto alla manutenzione dei sistemi informatici che ha il compito di garantire la funzionalit\u00e0 dei sistemi, la sicurezza dei dati e le operazioni di backup, altro personale incaricato nei limiti delle mansioni assegnate e di quanto previsto dalle procedure aziendali ed altri soggetti che forniscono servizi per finalit\u00e0 ausiliare al soddisfacimento delle richieste dell\u2019interessato, anch\u2019essi nei limiti strettamente necessari per svolgere i propri compiti;<\/li>\n\n\n\n<li>potranno essere comunicati o resi disponibili:\n<ul class=\"wp-block-list\">\n<li> a soggetti che possono accedere ai dati in forza di disposizione di legge, di regolamento o di normativa comunitaria, nei limiti previsti da tali norme,<\/li>\n\n\n\n<li> altre societ\u00e0 collegate (controllate \u2013 controllanti) sempre per correnti \u201c<em>finalit\u00e0 amministrativo contabili<\/em>\u201d connesse al soddisfacimento delle richieste dell\u2019interessato<\/li>\n\n\n\n<li> ad altri soggetti che forniscono servizi per finalit\u00e0 connesse al soddisfacimento delle richieste dell\u2019interessato, nei limiti strettamente necessari per svolgere i propri compiti &#8211; partner commerciali, la cui collaborazione sia necessaria ai fini della fornitura dei servizi richiesti I Partner Commerciali opereranno come autonomi titolari del trattamento e in osservanza delle rispettive informative sulla privacy, che vi saranno inviate dagli stessi <\/li>\n<\/ul>\n<\/li>\n<\/ol>\n\n\n\n<p>I dati personali saranno trasferiti verso soggetti siti al di fuori dell&#8217;Unione Europea verso il Paese in cui risiede o si trova l\u2019interessato esclusivamente se necessario a soddisfare le sue richieste e  nel rispetto della normativa vigente.<\/p>\n\n\n\n<p>Nella compilazione dei form vengono indicati con un asterisco i campi la cui compilazione \u00e8 obbligatoria, in assenza degli  altri dati richiesti non sar\u00e0 possibile soddisfare le richieste dell\u2019interessato.<\/p>\n\n\n\n<p>Qualora all&#8217;atto della richiesta di contatto l&#8217;interessato dovesse comunicare categorie particolari di dati (quali: dati personali che rivelino l&#8217;origine razziale o etnica, le opinioni politiche, le convinzioni religiose o filosofiche, o l&#8217;appartenenza sindacale, nonch\u00e9 trattare dati genetici, dati biometrici intesi a identificare in modo univoco una persona fisica, dati relativi alla salute o alla vita sessuale o all&#8217;orientamento sessuale della persona) potr\u00e0 essere richiesto uno specifico consenso al loro trattamento, in assenza del quale potrebbe risultare impossibile dare corso alle richieste dell&#8217;interessato stesso. <\/p>\n\n\n\n<div style=\"height:100px\" aria-hidden=\"true\" class=\"wp-block-spacer\"><\/div>\n\n\n\n<h2 class=\"wp-block-heading\" id=\"area-book\"><strong>AREA &#8220;BOOK&#8221; (prenotazioni)<\/strong><\/h2>\n\n\n\n<p>\u00c8 l\u2019area del sito tramite la quale l&#8217;utente pu\u00f2 prenotare soggiorni presso le strutture ricettive del Titolare. Allo scopo di offrire il miglior servizio con i pi\u00f9 alti standard di sicurezza la gestione del servizio \u00e8 stata integralmente affidata ad una societ\u00e0 specializzata nel settore dalla comprovata esperienza ed affidabilit\u00e0, leader per la tecnologia ed il supporto alla distribuzione Internet nel settore turismo ed ospitalit\u00e0.&nbsp;<\/p>\n\n\n\n<p>Il link &#8220;VERIFICA DISPONIBILITA'&#8221; rimanda al sito <a href=\"https:\/\/reservations.verticalbooking.com\/reservations\/risultato.html\" target=\"_blank\" rel=\"noopener\">verticalbooking.com<\/a> di Vertical Booking srl &#8211; Piazza Pontida, 7 24122 Bergamo (Italy)&nbsp; &#8211; cui \u00e8 affidata la procedura di prenotazione on line maggiori informazioni potranno essere reperite sul sito <a href=\"http:\/\/www.verticalbooking.com\/\" target=\"_blank\" rel=\"noopener\">www.verticalbooking.com<\/a>. I dati inseriti dall&#8217;utente all&#8217;atto della richiesta di prenotazione saranno inseriti sul sofware gestionale dell&#8217;Hotel e potranno essere trattati da addetti all&#8217;amministrazione, addetti alla reception o altro personale incaricato dal Titolare per le seguenti finalit\u00e0: registrare la prenotazione, adempiere agli obblighi contrattuali e di natura contabile e fiscale, offrire all&#8217;ospite servizi attenti e personalizzati soddisfacendo le sue richieste.<\/p>\n\n\n\n<div style=\"height:100px\" aria-hidden=\"true\" class=\"wp-block-spacer\"><\/div>\n\n\n\n<h2 class=\"wp-block-heading\" id=\"area-newsletter\"><strong>ISCRIZIONE ALLA NEWSLETTER&nbsp;<\/strong><\/h2>\n\n\n\n<p>I dati personali conferiti spontaneamente dell&#8217;interessato iscrivendosi alla sezione \u201c<em>ISCRIVITI E RESTA AGGIORNATO<\/em>\u201d:&nbsp;<\/p>\n\n\n\n<ul class=\"wp-block-list\">\n<li>sono trattati con strumenti prevalentemente automatizzati al solo scopo di soddisfare le richieste dell&#8217;interessato stesso, che ha facolt\u00e0 di interrompere in qualsiasi momento il suddetto trattamento.&nbsp;<\/li>\n\n\n\n<li>potranno essere trattati da addetti alla comunicazione e marketing, personale addetto alla manutenzione dei sistemi informatici che ha il compito di garantire la funzionalit\u00e0 dei sistemi, la sicurezza dei dati e le operazioni di backup, altro personale dipendente nei limiti degli incarichi ricevuti e di quanto previsto dalle procedure aziendali ed altri soggetti che forniscono servizi per finalit\u00e0 ausiliare al soddisfacimento delle richieste dell&#8217;interessato, nei limiti strettamente necessari per svolgere i propri compiti&nbsp;<\/li>\n\n\n\n<li>potranno essere comunicati o resi disponibili:\n<ul class=\"wp-block-list\">\n<li>&#8211; a soggetti che possono accedere ai dati in forza di disposizione di legge, di regolamento o di normativa comunitaria, nei limiti previsti da tali norme,&nbsp;<\/li>\n\n\n\n<li>&#8211; ad altri soggetti che forniscono servizi per finalit\u00e0 connesse al soddisfacimento delle richieste dell&#8217;interessato, nei limiti strettamente necessari per svolgere i propri compiti;<\/li>\n<\/ul>\n<\/li>\n\n\n\n<li>Potranno essere, inoltre, trattati da SendinBlue SAS &#8211; Francia \u2013 <a href=\"https:\/\/www.sendinblue.com\/legal\/privacypolicy\/\" target=\"_blank\" rel=\"noopener\">Privacy Policy<\/a> SendingBlue &#8211; che fornisce un servizio (SendinBlue Email) di gestione indirizzi e invio di messaggi email &#8211;&nbsp;<\/li>\n<\/ul>\n\n\n\n<p>In questo caso basi giuridiche del trattamento sono costituite dal soddisfacimento delle richieste dell\u2019interessato e dal legittimo interesse del Titolare consistente nella promozione delle proprie strutture<\/p>\n\n\n\n<div style=\"height:100px\" aria-hidden=\"true\" class=\"wp-block-spacer\"><\/div>\n\n\n\n<h2 class=\"wp-block-heading\" id=\"conservazione\"><strong>CONSERVAZIONE DEI DATI<\/strong><\/h2>\n\n\n\n<p>I dati comunicati, salvo diverse indicazioni dell\u2019interessato debitamente comunicate, verranno conservati per il tempo necessario a soddisfare le richieste dell\u2019interessato ed ottemperare a norme di legge.&nbsp;<\/p>\n\n\n\n<p>Ove l\u2019interessato avesse un rapporto contrattuale con il Titolare i dati verranno conservati, se ad esso pertinenti, per la durata del contratto, cessato il quale la conservazione verr\u00e0 proseguita solo se prevista da norme di legge e in conformit\u00e0 alle norme sulla conservazione della documentazione amministrativa.<\/p>\n\n\n\n<p>I recapiti per cui sia stato conferito il consenso per l\u2019invio di comunicazioni di carattere commerciale saranno conservati sino a 18 mesi successivi all\u2019ultimo invio o sino alla revoca del consenso da parte dell\u2019interessato<\/p>\n\n\n\n<div style=\"height:100px\" aria-hidden=\"true\" class=\"wp-block-spacer\"><\/div>\n\n\n\n<h2 class=\"wp-block-heading\" id=\"approfondimento\"><strong>DIRITTI DELL\u2019UTENTE &#8211; APPROFONDIMENTO<\/strong><\/h2>\n\n\n\n<p><strong>Diritto di accesso<br><\/strong>L\u2019interessato ha il diritto di ottenere dal titolare del trattamento la conferma che sia o meno in corso un trattamento di dati personali che lo riguardano e in tal caso, di ottenere l\u2019accesso ai dati personali e alle seguenti informazioni:<\/p>\n\n\n\n<p>a) le finalit\u00e0 del trattamento;<br>b) le categorie di dati personali in questione;<br>c) i destinatari o le categorie di destinatari a cui i dati personali sono stati o saranno comunicati, in particolare se destinatari di paesi terzi o organizzazioni internazionali e, in tal caso, l\u2019esistenza di garanzie adeguate;<br>d) quando possibile, il periodo di conservazione dei dati personali previsto oppure, se non \u00e8 possibile, i criteri utilizzati per determinare tale periodo;<br>e) l\u2019esistenza del diritto dell\u2019interessato di chiedere al titolare del trattamento la rettifica o la cancellazione dei dati personali o la limitazione del trattamento dei dati personali che lo riguardano o di opporsi al loro trattamento;<br>f) il diritto di proporre reclamo a un\u2019autorit\u00e0 di controllo;<br>g) qualora i dati non siano raccolti presso l\u2019interessato, tutte le informazioni disponibili sulla loro origine;<br>h) l\u2019esistenza di un processo decisionale automatizzato, compresa la profilazione, che produca effetti giuridici che lo riguardano o che incida in modo analogo significativamente sulla sua persona e, almeno in tali casi, informazioni significative sulla logica utilizzata, nonch\u00e9 l\u2019importanza e le conseguenze previste di tale trattamento per l\u2019interessato.<\/p>\n\n\n\n<p><strong>Diritto di rettifica<\/strong><br>L\u2019interessato ha il diritto di ottenere dal titolare del trattamento la rettifica dei dati personali inesatti che lo riguardano senza ingiustificato ritardo.<\/p>\n\n\n\n<p><strong>Diritto di cancellazione<\/strong><br>L\u2019interessato ha il diritto di ottenere dal titolare del trattamento la cancellazione dei dati personali che lo riguardano senza ingiustificato ritardo e il titolare del trattamento ha l\u2019obbligo di cancellare senza ingiustificato ritardo i dati personali, se sussiste uno dei motivi seguenti:<\/p>\n\n\n\n<p>a) i dati personali non sono pi\u00f9 necessari rispetto alle finalit\u00e0 per le quali sono stati raccolti o altrimenti trattati;<br>b) l\u2019interessato revoca il consenso su cui si basa il trattamento e non sussiste altro fondamento giuridico per il trattamento;<br>c) l\u2019interessato si oppone al trattamento, e non sussiste alcun motivo legittimo prevalente per procedere al trattamento;<br>d) i dati personali sono stati trattati illecitamente;<br>e) i dati personali devono essere cancellati per adempiere un obbligo legale previsto dal diritto dell\u2019Unione Europeo o del diritto lo Stato membro cui \u00e8 soggetto il titolare del trattamento;<\/p>\n\n\n\n<p><strong>Diritti di limitazione del trattamento<\/strong><br>L\u2019interessato ha il diritto di ottenere dal titolare del trattamento la limitazione del trattamento quando ricorre una delle seguenti ipotesi:<\/p>\n\n\n\n<p>a) l\u2019interessato contesta l\u2019esattezza dei dati personali, per il periodo necessario al titolare del trattamento per verificare l\u2019esattezza di tali dati personali;<br>b) il trattamento \u00e8 illecito e l\u2019interessato si oppone alla cancellazione dei dati personali e chiede invece che ne sia limitato l\u2019utilizzo;<br>c) bench\u00e9 il titolare del trattamento non ne abbia pi\u00f9 bisogno ai fini del trattamento, i dati personali sono necessari all\u2019interessato per l\u2019accertamento, l\u2019esercizio o la difesa di un diritto in sede giudiziaria;<br>d) l\u2019interessato si \u00e8 opposto al trattamento, in attesa della verifica in merito all\u2019eventuale prevalenza dei motivi legittimi del titolare del trattamento rispetto a quelli dell\u2019interessato.<\/p>\n\n\n\n<p><strong>Diritto di opposizione<\/strong><br>L\u2019interessato ha il diritto di opporsi in qualsiasi momento al trattamento dei dati personali che lo riguardano effettuato per finalit\u00e0 di marketing diretto, compresa la profilazione nella misura in cui sia connessa a tale marketing diretto.<\/p>\n\n\n\n<p><strong>Diritto alla portabilit\u00e0 dei dati<\/strong><br>L\u2019interessato ha il diritto di ricevere in un formato strutturato, di uso comune e leggibile da dispositivo automatico i dati personali che lo riguardano forniti a un titolare del trattamento e ha il diritto di trasmettere tali dati a un altro titolare del trattamento senza impedimenti da parte del titolare del trattamento cui li ha forniti qualora:<\/p>\n\n\n\n<p>a) il trattamento si basi sul consenso o su un contratto; e<br>b) il trattamento sia effettuato con mezzi automatizzati.<\/p>\n\n\n\n<p>Nell\u2019esercitare i propri diritti relativamente alla portabilit\u00e0 dei dati, l\u2019interessato ha il diritto di ottenere la trasmissione diretta dei dati personali da un titolare del trattamento all\u2019altro, se tecnicamente fattibile.<\/p>\n\n\n\n<div style=\"height:100px\" aria-hidden=\"true\" class=\"wp-block-spacer\"><\/div>\n\n\n\n<div style=\"height:100px\" aria-hidden=\"true\" class=\"wp-block-spacer\"><\/div>\n","protected":false},"excerpt":{"rendered":"<p>Privacy Policy In questa pagina si descrivono le modalit\u00e0 di gestione del sito in riferimento al trattamento dei dati personali&#8230;<\/p>\n","protected":false},"author":9,"featured_media":0,"parent":0,"menu_order":0,"comment_status":"closed","ping_status":"open","template":"page-privacy.php","meta":{"_acf_changed":false,"footnotes":""},"class_list":["post-2322","page","type-page","status-publish","hentry"],"acf":{"sfondo":""},"jetpack_sharing_enabled":true,"_links":{"self":[{"href":"https:\/\/hotelinternationalcattolica.it\/en\/wp-json\/wp\/v2\/pages\/2322","targetHints":{"allow":["GET"]}}],"collection":[{"href":"https:\/\/hotelinternationalcattolica.it\/en\/wp-json\/wp\/v2\/pages"}],"about":[{"href":"https:\/\/hotelinternationalcattolica.it\/en\/wp-json\/wp\/v2\/types\/page"}],"author":[{"embeddable":true,"href":"https:\/\/hotelinternationalcattolica.it\/en\/wp-json\/wp\/v2\/users\/9"}],"replies":[{"embeddable":true,"href":"https:\/\/hotelinternationalcattolica.it\/en\/wp-json\/wp\/v2\/comments?post=2322"}],"version-history":[{"count":1,"href":"https:\/\/hotelinternationalcattolica.it\/en\/wp-json\/wp\/v2\/pages\/2322\/revisions"}],"predecessor-version":[{"id":2327,"href":"https:\/\/hotelinternationalcattolica.it\/en\/wp-json\/wp\/v2\/pages\/2322\/revisions\/2327"}],"wp:attachment":[{"href":"https:\/\/hotelinternationalcattolica.it\/en\/wp-json\/wp\/v2\/media?parent=2322"}],"curies":[{"name":"wp","href":"https:\/\/api.w.org\/{rel}","templated":true}]}}