{"id":2325,"date":"2025-10-11T18:21:01","date_gmt":"2025-10-11T16:21:01","guid":{"rendered":"https:\/\/hotelinternationalcattolica.it\/?page_id=2325"},"modified":"2025-10-11T18:21:03","modified_gmt":"2025-10-11T16:21:03","slug":"cookie-old","status":"publish","type":"page","link":"https:\/\/hotelinternationalcattolica.it\/en\/privacy-policy\/cookie-old\/","title":{"rendered":"Cookie-old"},"content":{"rendered":"\n<h1 class=\"wp-block-heading\">Cookie Policy<\/h1>\n\n\n\n<h2 class=\"wp-block-heading\"><strong>Cosa sono i Cookie&nbsp;<\/strong><\/h2>\n\n\n\n<p>I cookie sono piccoli file di testo che vengono immessi sul dispositivo dell\u2019utente quando l\u2019utente visita un sito web. Ad ogni visita successiva i cookie sono reinviati al sito web che li ha originati (cookie di prime parti) o ad un altro sito che li riconosce (cookie di terze parti). Essi hanno diverse finalit\u00e0 come, per esempio, consentire di navigare efficientemente tra le pagine, ricordare i siti preferiti e, in generale, migliorare l\u2019esperienza di navigazione. Alcuni cookie contribuiscono anche a fornire contenuti pubblicitari mirati all\u2019utente sulla base dei suoi interessi. In base alla funzione nonch\u00e9 in base al soggetto che li ha originati i cookie possono suddividersi in cookie tecnici, cookie analitici, cookie di profilazione, cookie di prima parte e cookie di terze parti.<\/p>\n\n\n\n<p>Ricordiamo che il browser \u00e8 il software che permette di navigare nella Rete tramite la visualizzazione ed il trasferimento delle informazioni sul disco fisso del computer dell&#8217;utente. Se le preferenze del browser sono impostate in modo da accettare i cookies, qualsiasi sito Web pu\u00f2 inviare i suoi cookies al browser, ma \u2013 al fine di proteggere la privacy \u2013 pu\u00f2 rilevare solo ed esclusivamente quelli inviati dal sito stesso o da siti affiliati, e non quelli invece inviati al browser da altri siti.<\/p>\n\n\n\n<p><strong>In ogni caso i cookie non possono causare danni al computer dell&#8217;utente.<\/strong><\/p>\n\n\n\n<p>I dati eventualmente desumibili dalla lettura dei cookie sono riferiti principalmente al devices utilizzato (cos\u00ec come i dati di navigazione) &nbsp;<\/p>\n\n\n\n<p>L\u2019utilizzo dei cookie risponde<\/p>\n\n\n\n<div style=\"height:100px\" aria-hidden=\"true\" class=\"wp-block-spacer\"><\/div>\n\n\n\n<h2 class=\"wp-block-heading\"><strong>ALTERNATIVE PER L&#8217;IMPOSTAZIONE DEI COOKIES&nbsp;<\/strong><\/h2>\n\n\n\n<p><strong>La privacy dell&#8217;utente \u00e8 garantita essenzialmente dal fatto che egli pu\u00f2 IN QUALSIASI MOMENTO:<\/strong><\/p>\n\n\n\n<p><strong>&gt; configurare il browser in modo da accettare tutti i cookie, rifiutarli tutti oppure ricevere una nota di avviso nel momento in cui ne viene inviato uno,<\/strong><\/p>\n\n\n\n<p><strong>&gt; cancellare uno, alcuni o tutti i cookie.<\/strong><\/p>\n\n\n\n<p><strong>Ogni browser ha le sue impostazioni specifiche, quindi si ricorda di consultare la sezione di &#8220;Aiuto&#8221; del browser utilizzato per avere maggiori informazioni su come modificarne le preferenze.<\/strong><\/p>\n\n\n\n<p>La maggioranza dei browser \u00e8 inizialmente impostata per accettare i cookie in modo automatico. In caso di dispositivi diversi (per esempio, computer, smartphone, tablet, ecc.), l\u2019Utente dovr\u00e0 assicurarsi che le impostazioni del browser di ciascun dispositivo siano configurate in modo tale da riflettere le proprie preferenze relative ai cookie.<br>A titolo esemplificativo riportiamo qui di seguito alcuni link alla documentazione online dei principali browser:<\/p>\n\n\n\n<figure class=\"wp-block-table\"><table><tbody><tr><td><strong>Internet Explorer:<\/strong><\/td><td><a href=\"http:\/\/windows.microsoft.com\/it-IT\/windows-vista\/Block-or-allow-cookies\" target=\"_blank\" rel=\"noopener\">http:\/\/windows.microsoft.com\/it-IT\/windows-vista\/Block-or-allow-cookies<\/a><\/td><\/tr><tr><td><strong>Mozilla Firefox<\/strong><\/td><td><a href=\"https:\/\/support.mozilla.org\/it\/kb\/Attivare%2520e%2520disattivare%2520i%2520cookie\" target=\"_blank\" rel=\"noopener\">http:\/\/support.mozilla.org\/it\/kb\/Attivare%20e%20disattivare%20i%20cookie<\/a><\/td><\/tr><tr><td><strong>Google Chrome<\/strong><\/td><td><a href=\"https:\/\/support.google.com\/chrome\/answer\/95647?hl=it&amp;hlrm=en\" target=\"_blank\" rel=\"noopener\">https:\/\/support.google.com\/chrome\/answer\/95647?hl=it&amp;hlrm=en<\/a><\/td><\/tr><tr><td><strong>Apple Safari<\/strong><\/td><td><a href=\"http:\/\/www.apple.com\/it\/support\/\" target=\"_blank\" rel=\"noopener\">http:\/\/www.apple.com\/it\/support\/<\/a><\/td><\/tr><tr><td><strong>Opera<\/strong><\/td><td><a href=\"http:\/\/help.opera.com\/Windows\/10.20\/it\/cookies.html\" target=\"_blank\" rel=\"noopener\">http:\/\/help.opera.com\/Windows\/10.20\/it\/cookies.html<\/a><\/td><\/tr><\/tbody><\/table><\/figure>\n\n\n\n<div style=\"height:100px\" aria-hidden=\"true\" class=\"wp-block-spacer\"><\/div>\n\n\n\n<h2 class=\"wp-block-heading\"><strong>COOKIES ON MOBILE DEVICES<\/strong><\/h2>\n\n\n\n<p>Il sito Web utilizza anche cookie o altri meccanismi di archiviazione sui dispositivi mobili.<\/p>\n\n\n\n<p>Proprio come con i browser sui computer, i browser sui dispositivi mobili consentono di modificare la configurazione della privacy o le impostazioni per disattivare o eliminare i cookie.<\/p>\n\n\n\n<p>Se desideri modificare le impostazioni sulla privacy, segui le istruzioni fornite dallo sviluppatore del browser per il tuo dispositivo mobile.<\/p>\n\n\n\n<p>Di seguito sono riportati i link validi per alcuni browser:<\/p>\n\n\n\n<figure class=\"wp-block-table\"><table><tbody><tr><td><strong>IOS<\/strong><\/td><td><a href=\"https:\/\/goo.gl\/fG1K8t\" target=\"_blank\" rel=\"noopener\">https:\/\/goo.gl\/fG1K8t<\/a><\/td><\/tr><tr><td><strong>Chrome Mobile<\/strong><\/td><td><a href=\"https:\/\/goo.gl\/f0XME\" target=\"_blank\" rel=\"noopener\">https:\/\/goo.gl\/f0XME<\/a><\/td><\/tr><tr><td><strong>Opera Mobile<\/strong><\/td><td><a href=\"http:\/\/goo.gl\/Nzr8s7\" target=\"_blank\" rel=\"noopener\">http:\/\/goo.gl\/Nzr8s7<\/a><\/td><\/tr><tr><td><strong>Windows Phone<\/strong><\/td><td><a href=\"https:\/\/goo.gl\/xsSg56\" target=\"_blank\" rel=\"noopener\">https:\/\/goo.gl\/xsSg56<\/a><\/td><\/tr><\/tbody><\/table><\/figure>\n\n\n\n<div style=\"height:100px\" aria-hidden=\"true\" class=\"wp-block-spacer\"><\/div>\n\n\n\n<h2 class=\"wp-block-heading\"><strong>COOKIE DI TERZA PARTE<\/strong><\/h2>\n\n\n\n<p>Nel corso della navigazione sul Sito, l\u2019Utente potrebbe ricevere sul proprio terminale anche cookie di siti o di web server di soggetti terzi (c.d. cookie di \u201cterze parti\u201d): ci\u00f2 accade perch\u00e9 sul Sito possono essere presenti elementi come, ad esempio, immagini, mappe, suoni, specifici link a pagine web di altri domini che risiedono su server diversi da quello sul quale si trova la pagina richiesta. In altre parole, detti cookie sono impostati direttamente da gestori di siti web o server diversi dal Sito. Questi terzi potrebbero in teoria impostare cookie mentre fruite dei servizi da essi resi e ottenere cos\u00ec informazioni relative al fatto che avete visitato il Sito. Troverete di seguito maggiori informazioni sull\u2019impiego dei cookie. Se l\u2019Utente decide di non prestare il proprio consenso all\u2019archiviazione di cookie di terze parti, l\u2019Utente potr\u00e0 utilizzare esclusivamente le funzioni del Sito, che non richiedono l\u2019archiviazione di tali cookie.<\/p>\n\n\n\n<p>Per ulteriori informazioni potete visitare il seguente sito: <a href=\"http:\/\/www.youronlinechoices.com\/it\/\" target=\"_blank\" rel=\"noopener\">www.youronlinechoices.com\/it\/<\/a><\/p>\n\n\n\n<div style=\"height:100px\" aria-hidden=\"true\" class=\"wp-block-spacer\"><\/div>\n\n\n\n<h3 class=\"wp-block-heading\"><strong>GOOGLE ANALYTICS [*]<\/strong><\/h3>\n\n\n\n<p>Questo sito utilizza Google Analytics, un servizio di analisi web fornito da Google Inc. per la generazione di statistiche sull&#8217;utilizzo del portale web<\/p>\n\n\n\n<p>Google Analytics utilizza dei &#8220;cookie&#8221;, che vengono depositati sul vostro computer per analizzare l&#8217;utilizzo del sito da parte degli utenti. Le informazioni generate dal cookie sull&#8217;utilizzo del sito web (compreso l&#8217;indirizzo IP) sono&nbsp; trasmesse dal browser dell\u2019utente a Google, con sede a 1600 Amphitheatre Parkway, Mountain View, CA 94043, Stati Uniti, e depositate presso i suoi server.&nbsp;<\/p>\n\n\n\n<p>Google Analytics raccoglie le informazioni in modo anonimo senza identificare i singoli visitatori. I browser non condividono i cookie proprietari dello strumento Google Analytics tra vari domini. Google Analytics non segnala informazioni relative agli effettivi indirizzi: Google Analytics comunica informazioni in modo che venga utilizzata solo una parte dell&#8217;indirizzo IP per la geolocalizzazione, anzich\u00e9 l&#8217;indirizzo intero, utilizzando un metodo noto come masking IP.&nbsp;<\/p>\n\n\n\n<p>Google utilizzer\u00e0 queste informazioni allo scopo di tracciare e esaminare l&#8217;utilizzo del sito web, compilare report sulle attivit\u00e0 del sito e fornire altri servizi al titolare dello stesso relativi alle attivit\u00e0 del sito web, alle modalit\u00e0 di connessione (mobile, pc, browser utilizzato etc) e alle modalit\u00e0 di ricerca e raggiungimento delle pagine del portale. Google pu\u00f2 anche trasferire queste informazioni a terzi ove ci\u00f2 sia imposto dalla legge o laddove tali terzi trattino le suddette informazioni per conto di Google. Google non assocer\u00e0 il vostro indirizzo IP a nessun altro dato posseduto da Google.&nbsp;<\/p>\n\n\n\n<p>\u00c8 possibile disabilitare i cookie di Google Analytics, utilizzando il <a href=\"https:\/\/tools.google.com\/dlpage\/gaoptout?hl=it\" target=\"_blank\" rel=\"noopener\">componente aggiuntivo<\/a>&nbsp; di opt-out fornito da Google per i browser principali. In questo modo sar\u00e0 possibile utilizzare anche i servizi on-line.<\/p>\n\n\n\n<p>Vedi anche:<\/p>\n\n\n\n<p>&#8211; i <a href=\"http:\/\/www.google.com\/analytics\/terms\/it.html\" target=\"_blank\" rel=\"noopener\">termini di servizio<\/a>&nbsp; di Google Analytics<\/p>\n\n\n\n<p>&#8211; l&#8217;informativa privacy della societ\u00e0 Google<a href=\"http:\/\/www.google.com\/intl\/en\/analytics\/privacyoverview.html\" target=\"_blank\" rel=\"noopener\">http:\/\/www.google.com\/intl\/en\/analytics\/privacyoverview.html<\/a>&nbsp;<\/p>\n\n\n\n<p>&#8211; le norme sulla privacy di Google<a href=\"http:\/\/www.google.com\/intl\/it\/privacy\/privacy-policy.html\" target=\"_blank\" rel=\"noopener\">http:\/\/www.google.com\/intl\/it\/privacy\/privacy-policy.html<\/a>&nbsp;<\/p>\n\n\n\n<p>&#8211; <a href=\"https:\/\/developers.google.com\/analytics\/devguides\/collection\/analyticsjs\/cookie-usage\" target=\"_blank\" rel=\"noopener\">https:\/\/developers.google.com\/analytics\/devguides\/collection\/analyticsjs\/cookie-usage<\/a><\/p>\n\n\n\n<p>&#8211; <a href=\"https:\/\/support.google.com\/analytics\/answer\/2763052?hl=it\" target=\"_blank\" rel=\"noopener\">https:\/\/support.google.com\/analytics\/answer\/2763052?hl=it<\/a><\/p>\n\n\n\n<div style=\"height:100px\" aria-hidden=\"true\" class=\"wp-block-spacer\"><\/div>\n\n\n\n<h2 class=\"wp-block-heading\"><strong>I COOKIES USATI SU QUESTO SITO.\u00a0<\/strong><\/h2>\n\n\n\n<p><strong>Di seguito elenchiamo i cookie suddivisi in due macro-categorie:<\/strong><\/p>\n\n\n\n<p><strong>&gt; COOKIE &#8220;TECNICI&#8221; e di funzionalit\u00e0:&nbsp;<\/strong><em>I cookie tecnici sono quelli utilizzati al solo fine di &#8220;effettuare la trasmissione di una comunicazione su una rete di comunicazione elettronica, o nella misura strettamente necessaria al fornitore di un servizio della societ\u00e0 dell&#8217;informazione esplicitamente richiesto dall&#8217;abbonato o dall&#8217;utente a erogare tale servizio&#8221; (cfr. art. 122, comma 1, del Codice). Essi non vengono utilizzati per scopi ulteriori. Possono essere suddivisi in cookie di navigazione o di sessione, che garantiscono la normale navigazione e fruizione del sito web (permettendo, ad esempio, di realizzare un acquisto o autenticarsi per accedere ad aree riservate); cookie analytics, assimilati ai cookie tecnici laddove utilizzati direttamente dal gestore del sito per raccogliere informazioni, in forma aggregata, sul numero degli utenti e su come questi visitano il sito stesso; cookie di funzionalit\u00e0, che permettono all&#8217;utente la navigazione in funzione di una serie di criteri da egli selezionati (ad esempio, la lingua, i prodotti selezionati per l&#8217;acquisto) al fine di migliorare il servizio reso allo stesso. Per l&#8217;installazione di tali cookie non \u00e8 richiesto il preventivo consenso degli utenti<\/em><strong>;<\/strong><\/p>\n\n\n\n<p><strong>&gt; COOKIE DI PROFILAZIONE<\/strong> : <em>I cookie di profilazione sono volti a creare profili relativi all&#8217;utente e vengono utilizzati al fine di inviare messaggi pubblicitari in linea con le preferenze manifestate dallo stesso nell&#8217;ambito della navigazione in rete<\/em><\/p>\n\n\n\n<div style=\"height:100px\" aria-hidden=\"true\" class=\"wp-block-spacer\"><\/div>\n\n\n\n<figure class=\"wp-block-table\"><table><tbody><tr><td><strong>COOKIE &#8220;TECNICI&#8221; analytics e di funzionalit\u00e0<\/strong><\/td><\/tr><tr><td><strong>nome cookie<\/strong><\/td><td><strong>TEMPO DI PERMANE-NZA SUL TERMINALE DELL\u2019UTENTE<\/strong><\/td><td><strong>A cosa serve<\/strong><\/td><td><strong>FONTE&nbsp;<\/strong> <strong>(per i cookie di terza parte)<\/strong><\/td><\/tr><tr><td>__ga,<\/td><td>2 Anni,<\/td><td>Cookie di di tracciamento Google Analytics utilizzato per distinguere se l&#8217;utente in precedenza ha fatto accesso al sito. -Non contiene nessuna informazione personale<\/td><td>Google Adwords [*] <a href=\"https:\/\/policies.google.com\/privacy\" target=\"_blank\" rel=\"noopener\">https:\/\/policies.google.com\/privacy<\/a><\/td><\/tr><tr><td>__gat<\/td><td>10 Minuti<\/td><td>Cookie di Google Analytics utilizzato per ottenere una panoramica dei visitatori del sito<\/td><\/tr><\/tbody><\/table><\/figure>\n\n\n\n<div style=\"height:100px\" aria-hidden=\"true\" class=\"wp-block-spacer\"><\/div>\n\n\n\n<figure class=\"wp-block-table\"><table><tbody><tr><td><strong>COOKIE DI PROFILAZIONE<\/strong><\/td><\/tr><tr><td><strong>nome cookie<\/strong><\/td><td><strong>TEMPO DI PERMANE-NZA SUL TERMINALE DELL\u2019UTENTE<\/strong><\/td><td><strong>A cosa serve<\/strong><\/td><td><strong>FONTE&nbsp;<\/strong> (per i cookie di terza parte)<\/td><\/tr><tr><td>__ga,<\/td><td>2 Anni,<\/td><td>Cookie di di tracciamento Google Analytics utilizzato per distinguere se l&#8217;utente in precedenza ha fatto accesso al sito. -Non contiene nessuna informazione personale<\/td><td>Google Adwords [*] <a href=\"https:\/\/policies.google.com\/privacy\" target=\"_blank\" rel=\"noopener\">https:\/\/policies.google.com\/privacy<\/a><\/td><\/tr><tr><td>__gat<\/td><td>10 Minuti<\/td><td>Cookie di Google Analytics utilizzato per ottenere una panoramica dei visitatori del sito<\/td><\/tr><tr><td>__gid<\/td><td>24 ore<\/td><td>studiare e migliorare la pubblicit\u00e0 al fine di inviare all\u2019utente messaggi in linea con i propri interessi&nbsp;<\/td><\/tr><tr><td><br><\/td><td><br><\/td><td><br><\/td><td><br><\/td><\/tr><tr><td><br><\/td><td><br><\/td><td><br><\/td><td><br><\/td><\/tr><\/tbody><\/table><\/figure>\n\n\n\n<div style=\"height:100px\" aria-hidden=\"true\" class=\"wp-block-spacer\"><\/div>\n\n\n\n<p>PER OGNI ALTRA INFORMAZIONE RIGUARDANTE I TRATTAMENTI DI DATI PERSONALI SI FACCIA RIFERIMENTO ALLA PRIVACY POLICY<\/p>\n\n\n\n<div style=\"height:100px\" aria-hidden=\"true\" class=\"wp-block-spacer\"><\/div>\n","protected":false},"excerpt":{"rendered":"<p>Cookie Policy Cosa sono i Cookie&nbsp; I cookie sono piccoli file di testo che vengono immessi sul dispositivo dell\u2019utente quando&#8230;<\/p>\n","protected":false},"author":9,"featured_media":0,"parent":1722,"menu_order":0,"comment_status":"closed","ping_status":"closed","template":"page-privacy.php","meta":{"_acf_changed":false,"footnotes":""},"class_list":["post-2325","page","type-page","status-publish","hentry"],"acf":{"sfondo":""},"jetpack_sharing_enabled":true,"_links":{"self":[{"href":"https:\/\/hotelinternationalcattolica.it\/en\/wp-json\/wp\/v2\/pages\/2325","targetHints":{"allow":["GET"]}}],"collection":[{"href":"https:\/\/hotelinternationalcattolica.it\/en\/wp-json\/wp\/v2\/pages"}],"about":[{"href":"https:\/\/hotelinternationalcattolica.it\/en\/wp-json\/wp\/v2\/types\/page"}],"author":[{"embeddable":true,"href":"https:\/\/hotelinternationalcattolica.it\/en\/wp-json\/wp\/v2\/users\/9"}],"replies":[{"embeddable":true,"href":"https:\/\/hotelinternationalcattolica.it\/en\/wp-json\/wp\/v2\/comments?post=2325"}],"version-history":[{"count":1,"href":"https:\/\/hotelinternationalcattolica.it\/en\/wp-json\/wp\/v2\/pages\/2325\/revisions"}],"predecessor-version":[{"id":2328,"href":"https:\/\/hotelinternationalcattolica.it\/en\/wp-json\/wp\/v2\/pages\/2325\/revisions\/2328"}],"up":[{"embeddable":true,"href":"https:\/\/hotelinternationalcattolica.it\/en\/wp-json\/wp\/v2\/pages\/1722"}],"wp:attachment":[{"href":"https:\/\/hotelinternationalcattolica.it\/en\/wp-json\/wp\/v2\/media?parent=2325"}],"curies":[{"name":"wp","href":"https:\/\/api.w.org\/{rel}","templated":true}]}}